{"id":53,"date":"2011-10-26T09:49:02","date_gmt":"2011-10-26T07:49:02","guid":{"rendered":"http:\/\/www.xn--regina-jck-x5a.de\/?page_id=53"},"modified":"2025-06-03T14:37:23","modified_gmt":"2025-06-03T12:37:23","slug":"herzlich-willkommen","status":"publish","type":"page","link":"https:\/\/www.xn--regina-jck-x5a.de\/dx\/","title":{"rendered":"Herzlich Willkommen"},"content":{"rendered":"<p><p>Auf diesen Seiten stellt sich die f\u00fcr die SPD im Wahlkreis Bramfeld, Farmsen-Berne direkt gew\u00e4hlte B\u00fcrgerschaftsabgeordnete Regina J\u00e4ck vor. Sie erhalten einen Einblick in ihre Arbeit im Ausschuss f\u00fcr Soziales und Integration, als Sprecherin f\u00fcr Menschen mit Behinderung, im Ausschuss f\u00fcr Gleichstellung und Antidiskriminierung, im Kultur- und Medienausschuss und im Haushaltsausschuss.<\/p>\n<p>Auf der Seite Reden finden Sie unter anderem <a href=\"https:\/\/www.xn--regina-jck-x5a.de\/reden\/videomitschnitte\/\"> Videomitschnitte <\/a>einiger Reden, die Regina J\u00e4ck in der B\u00fcrgerschaft gehalten hat.<\/p>\n<p>Der Kontakt zu Regina J\u00e4ck oder zu ihrem Abgeordnetenb\u00fcro in Farmsen ist per Email buero(at)regina-jaeck.de oder per Telefon 040-74214997 m\u00f6glich. Das B\u00fcrgerb\u00fcro ist Montag und Mittwoch von 9.30-12.30 Uhr, am Dienstag von 11-15 Uhr und am Freitag von 15.30-17.30 Uhr besetzt. Sprechen Sie uns gern an, wir freuen uns auf Ihre Anregungen und Themen.<\/p>\n","protected":false},"excerpt":{"rendered":"<p>Auf diesen Seiten stellt sich die f\u00fcr die SPD im Wahlkreis Bramfeld, Farmsen-Berne direkt gew\u00e4hlte B\u00fcrgerschaftsabgeordnete Regina J\u00e4ck vor. Sie erhalten einen Einblick in ihre Arbeit im Ausschuss f\u00fcr Soziales und Integration, als Sprecherin f\u00fcr Menschen mit Behinderung, im Ausschuss f\u00fcr Gleichstellung und Antidiskriminierung, im Kultur- und Medienausschuss und im Haushaltsausschuss. Auf der Seite Reden [&hellip;]<\/p>\n","protected":false},"author":2,"featured_media":2043,"parent":0,"menu_order":0,"comment_status":"open","ping_status":"open","template":"startpage.php","meta":{"ngg_post_thumbnail":0,"footnotes":""},"class_list":["post-53","page","type-page","status-publish","has-post-thumbnail","hentry"],"translation":{"provider":"WPGlobus","version":"3.0.2","language":"dx","enabled_languages":["de","dx"],"languages":{"de":{"title":true,"content":true,"excerpt":false},"dx":{"title":false,"content":false,"excerpt":false}}},"_links":{"self":[{"href":"https:\/\/www.xn--regina-jck-x5a.de\/dx\/wp-json\/wp\/v2\/pages\/53","targetHints":{"allow":["GET"]}}],"collection":[{"href":"https:\/\/www.xn--regina-jck-x5a.de\/dx\/wp-json\/wp\/v2\/pages"}],"about":[{"href":"https:\/\/www.xn--regina-jck-x5a.de\/dx\/wp-json\/wp\/v2\/types\/page"}],"author":[{"embeddable":true,"href":"https:\/\/www.xn--regina-jck-x5a.de\/dx\/wp-json\/wp\/v2\/users\/2"}],"replies":[{"embeddable":true,"href":"https:\/\/www.xn--regina-jck-x5a.de\/dx\/wp-json\/wp\/v2\/comments?post=53"}],"version-history":[{"count":54,"href":"https:\/\/www.xn--regina-jck-x5a.de\/dx\/wp-json\/wp\/v2\/pages\/53\/revisions"}],"predecessor-version":[{"id":2180,"href":"https:\/\/www.xn--regina-jck-x5a.de\/dx\/wp-json\/wp\/v2\/pages\/53\/revisions\/2180"}],"wp:featuredmedia":[{"embeddable":true,"href":"https:\/\/www.xn--regina-jck-x5a.de\/dx\/wp-json\/wp\/v2\/media\/2043"}],"wp:attachment":[{"href":"https:\/\/www.xn--regina-jck-x5a.de\/dx\/wp-json\/wp\/v2\/media?parent=53"}],"curies":[{"name":"wp","href":"https:\/\/api.w.org\/{rel}","templated":true}]}}