{"id":309,"date":"2014-03-26T14:14:06","date_gmt":"2014-03-26T12:14:06","guid":{"rendered":"http:\/\/www.xn--regina-jck-x5a.de\/?page_id=309"},"modified":"2025-09-04T12:48:38","modified_gmt":"2025-09-04T10:48:38","slug":"reden","status":"publish","type":"page","link":"https:\/\/www.xn--regina-jck-x5a.de\/dx\/reden\/","title":{"rendered":"Reden in der B\u00fcrgerschaft"},"content":{"rendered":"<ul>\n<li style=\"list-style-type: none;\">\n<ul>\n<li>Rede am 16. Juli 2025: Unterst\u00fctzung der geh\u00f6rlosen Menschen in Hamburg f\u00fcr ihren Kampf um Anerkennung, Aufarbeitung von erlittenem Leid und F\u00f6rderung niedrigschwelliger Hilfen <a href=\"https:\/\/mediathek.buergerschaft-hh.de\/sitzung\/23\/9\/#rede-8f25ef99-065f-4d8e-a7c2-26d7a0a8c794\">Link zur Rede<\/a><\/p>\n<li>Rede am 24. April 2025: Klarer Kurs in st\u00fcrmischen Zeiten: Gesellschaftlichen Zusammenhalt st\u00e4rken &#8211; gerechte und gleiche Teilhabe f\u00f6rdern&#8221; &#8211; Hier: Freundschaftsb\u00e4nke: <a href=\"https:\/\/mediathek.buergerschaft-hh.de\/sitzung\/23\/3\/#rede-5367a692-9f97-48f3-8261-55503f4a2b3a\"> Link zur Rede<\/a><\/p>\n<li>Rede am 10. April 2024: Schlichtungsstelle nach \u00a7 13a des Hamburgischen Behindertengleichstellungsgesetzes (HmbBGG) \u2013 T\u00e4tigkeitsbericht 2023 <div style=\"width: 750px;\" class=\"wp-video\"><video class=\"wp-video-shortcode\" id=\"video-309-1\" width=\"750\" height=\"422\" preload=\"metadata\" controls=\"controls\"><source type=\"video\/mp4\" src=\"https:\/\/www.xn--regina-jck-x5a.de\/wp-content\/uploads\/2024\/04\/20240410-163942_20240410-164159.mp4?_=1\" \/><a href=\"https:\/\/www.xn--regina-jck-x5a.de\/wp-content\/uploads\/2024\/04\/20240410-163942_20240410-164159.mp4\">https:\/\/www.xn--regina-jck-x5a.de\/wp-content\/uploads\/2024\/04\/20240410-163942_20240410-164159.mp4<\/a><\/video><\/div><\/a><\/p>\n<li>Rede am 31. Januar 2024: Umsetzung der UN-Behindertenrechtskonvention: \u201eDie Stadt der Inklusion ist f\u00fcr uns eine Herzensangelegenheit\u201c <a href=\"https:\/\/mediathek.buergerschaft-hh.de\/sitzung\/22\/81\/?rede=28941#top-5885\">Rede am 31. Januar 2024<\/a><\/p>\n<li>Rede am 11. Oktober 2023: Vorstellung des Antrages &#8220;Mobilit\u00e4tsdaten von Menschen mit Mobilit\u00e4tseinschr\u00e4nkungen erfassen und ein Routingtool f\u00fcr barrierefreie Wegstrecken entwickeln&#8221; \u2013 Drs. 22\/13099 <a href=\"https:\/\/www.xn--regina-jck-x5a.de\/wp-content\/uploads\/2023\/12\/Rede-11-10-2023-Mobilitaetsdaten.pdf\">Rede 11-10-2023 Mobilit\u00e4tsdaten<\/a>\n<li>Rede am 3. November 2022: B\u00fcrgerschaftliches Ersuchen vom 3. Juni 2021: \u201eHamburgs Zukunft zu allen Zeiten klug, sozial und nachhaltig gestalten: Gesellschaftliche Teilhabe f\u00fcr alle \u2013 Partizipationsfonds f\u00fcr Menschen mit Behinderung\u201c \u2013 Drs. 22\/4447 <a href=\"https:\/\/www.xn--regina-jck-x5a.de\/wp-content\/uploads\/2023\/05\/3-11-2022.pdf\">Rede am 3.11.2022 als pdf<\/a>\n<li>Rede am 24. August 2020: Gesetz zur \u00c4nderung des Hamburgischen Gesetzes zur Ausf\u00fchrung des Neunten Buches Sozialgesetzbuch \u2013 Rehabilitation und Teilhabe von Menschen mit Behinderungen \u2013 (AG SGB IX) <a href=\"https:\/\/www.xn--regina-jck-x5a.de\/wp-content\/uploads\/2023\/05\/24-8-2020.pdf\">Rede 24.8.2020 als pdf<\/a>\n<li>Rede am 19. August 2020: T\u00e4tigkeitsbericht der Senatskoordinatorin f\u00fcr die Gleichstellung von Menschen mit Behinderungen 2017 bis 2020 <a href=\"https:\/\/mediathek.buergerschaft-hh.de\/sitzung\/22\/8\/?rede=16043#top-3077\">Link zur Rede 19.8.2020 als Video<\/a> und <a href=\"https:\/\/www.xn--regina-jck-x5a.de\/wp-content\/uploads\/2023\/05\/19-8-2020.pdf\">Rede am 19.8.2020 als pdf<\/a>\n<li>Rede vom 18. Dezember 2019: Entwurf eines Gesetzes zur Gleichstellung von Menschen mit Behinderungen <a href=\"https:\/\/mediathek.buergerschaft-hh.de\/videoschnitt\/1576682090-1576682408\/\">Rede 18.12.2019 als Video<\/a>\n<li>Rede am 27. M\u00e4rz 2019: Aktuelle Stunde &#8220;Zehn Jahre UN-Behindertenrechtskonvention: Hamburg engagiert sich f\u00fcr gleichberechtigte Teilhabe&#8221; <a href=\"https:\/\/mediathek.buergerschaft-hh.de\/videoschnitt\/1553694805-1553695116\/\">Rede 27.3.2019 als Video<\/a>\n<li>Rede vom 13. Februar 2019: Gesetz zur Gleichstellung behinderter Menschen <a href=\"https:\/\/mediathek.buergerschaft-hh.de\/videoschnitt\/1550076813-1550077011\/\">Rede 13.2.2019 als Video<\/a>\n<li>Rede vom 20. Dezember 2017: Hamburg wird barrierefrei \u2013 Einrichtung eines \u201eKompetenzzentrums f\u00fcr ein barrierefreies Hamburg&#8221; und T\u00e4tigkeitsbericht der Senatskoordinatorin f\u00fcr die Gleichstellung behinderter Menschen 2015 \u2013 2016 und Inklusion in Hamburgs Schulen!<a href=\"https:\/\/mediathek.buergerschaft-hh.de\/sitzung\/21\/69\/?rede=9227#top-1719\">Rede als Video<\/a>\u00a0\n<li>Rede vom 22. November 2017: Amt der Senatskoordinatorin \/ des Senatskoordinators f\u00fcr die Gleichstellung behinderter Menschen st\u00e4rken<a href=\"https:\/\/mediathek.buergerschaft-hh.de\/sitzung\/21\/67\/?rede=9084#top-1684\">Video<\/a>\n<li>Rede vom 27. September 2017: Stellungnahme des Senats zu dem Ersuchen der B\u00fcrgerschaft vom 15. Dezember 2014 \u201eBarrierefreies Rathaus f\u00fcr alle\u201c Drucksache 20\/13929 <a href=\"https:\/\/mediathek.buergerschaft-hh.de\/sitzung\/21\/64\/?rede=8574#top-1567\">Rede als Video<\/a> und <a href=\"https:\/\/www.xn--regina-jck-x5a.de\/wp-content\/uploads\/2023\/05\/27-9-2017.pdf\">Rede 27.9.2017 als pdf<\/a>\n<li>Frage an den Senat am 29. M\u00e4rz 2017 <a href=\"https:\/\/www.xn--regina-jck-x5a.de\/wp-content\/uploads\/2023\/05\/29-3-2017.pdf\">Frage an den Senat 29.3.2017 als pdf<\/a>\n<li>Rede am 21. Januar 2015: Versprechen gehalten!<a title=\"PDF (nicht barrierefrei)\" href=\"https:\/\/www.xn--regina-jck-x5a.de\/wp-content\/uploads\/2014\/03\/Rede-21.1.2015-Versprechen-gehalten.pdf\">Rede 21.1.2015<\/a>\n<li>Rede am 23. Oktober 2013: Finanzierung und Konkretisierung der Ma\u00dfnahmen im Landesaktionsplan zur Umsetzung der UN-Behindertenrechtskonvention <a href=\"https:\/\/www.xn--regina-jck-x5a.de\/wp-content\/uploads\/2023\/05\/23-10-2013.pdf\">Rede 23.10.2013 als pdf<\/a>\n<li>Rede am 29. Mai 2013: Inklusiver Arbeitsmarkt <a title=\"PDF (nicht barrierefrei)\" href=\"https:\/\/www.xn--regina-jck-x5a.de\/wp-content\/uploads\/2011\/10\/Rede-inklusiver-Arbeitsmarkt-29-5-2013.pdf\">Rede 29.5.2013<\/a><\/li>\n<li>Rede am 24. Januar 2013: Umsetzung der UN-BRK &#8211; Landesaktionsplan <a href=\"https:\/\/www.xn--regina-jck-x5a.de\/wp-content\/uploads\/2023\/05\/24-1-2013.pdf\">Rede 24.1.2013 als pdf<\/a>\n<li>Rede am 14. Juni 2012: Menschen mit Behinderung bei der Planung \u00f6ffentlicher Freir\u00e4ume besser ber\u00fccksichtigen <a href=\"https:\/\/www.xn--regina-jck-x5a.de\/wp-content\/uploads\/2023\/05\/14-6-2012.pdf\">Rede 14.6.2012 als pdf<\/a>\n<li>Kurzbeitrag am 14. Juni 2012<a href=\"http:\/\/youtu.be\/A9Pv6rrElp0\">Kurzbeitrag in der B\u00fcrgerschaft am 14. Juni 2012<\/a>\n<li>Rede am 29. M\u00e4rz 2012 \u201cInklusion als Leitorientierung\u201d <a title=\"Rede 29.03.2012 \u201cInklusion als Leitorientierung\u201d\" href=\"https:\/\/www.xn--regina-jck-x5a.de\/2012\/04\/rede-in-der-burgerschaft-am-29-marz-2012-inklusion-als-leitorientierung\/\">Inklusion als Leitorientierung<\/a> (<a href=\"http:\/\/youtu.be\/OPI4mT7tpLM\")>Video<\/a> und <a title=\"Rede am 29.03.2012: Inklusion als Leitorientierung<a href=\"https:\/\/www.xn--regina-jck-x5a.de\/wp-content\/uploads\/2023\/05\/29-3-2013.pdf\">Rede 29.3.2012 als pdf<\/a>\n<li>Rede am 9. Februar 2012 <a title=\"Rede in der B\u00fcrgerschaft am 9.02.2012\" href=\"https:\/\/www.xn--regina-jck-x5a.de\/2012\/03\/rede-in-der-burgerschaft-am-9-februar-2012\/\">Rede in der B\u00fcrgerschaft am 9. Februar 2012<\/a><\/li>\n<\/ul>\n","protected":false},"excerpt":{"rendered":"<p>Rede am 16. Juli 2025: Unterst\u00fctzung der geh\u00f6rlosen Menschen in Hamburg f\u00fcr ihren Kampf um Anerkennung, Aufarbeitung von erlittenem Leid und F\u00f6rderung niedrigschwelliger Hilfen Link zur Rede Rede am 24. April 2025: Klarer Kurs in st\u00fcrmischen Zeiten: Gesellschaftlichen Zusammenhalt st\u00e4rken &#8211; gerechte und gleiche Teilhabe f\u00f6rdern&#8221; &#8211; Hier: Freundschaftsb\u00e4nke: Link zur Rede Rede am 10. [&hellip;]<\/p>\n","protected":false},"author":2,"featured_media":0,"parent":0,"menu_order":0,"comment_status":"open","ping_status":"open","template":"","meta":{"ngg_post_thumbnail":0,"footnotes":""},"class_list":["post-309","page","type-page","status-publish","hentry"],"translation":{"provider":"WPGlobus","version":"3.0.2","language":"dx","enabled_languages":["de","dx"],"languages":{"de":{"title":true,"content":true,"excerpt":false},"dx":{"title":false,"content":false,"excerpt":false}}},"_links":{"self":[{"href":"https:\/\/www.xn--regina-jck-x5a.de\/dx\/wp-json\/wp\/v2\/pages\/309","targetHints":{"allow":["GET"]}}],"collection":[{"href":"https:\/\/www.xn--regina-jck-x5a.de\/dx\/wp-json\/wp\/v2\/pages"}],"about":[{"href":"https:\/\/www.xn--regina-jck-x5a.de\/dx\/wp-json\/wp\/v2\/types\/page"}],"author":[{"embeddable":true,"href":"https:\/\/www.xn--regina-jck-x5a.de\/dx\/wp-json\/wp\/v2\/users\/2"}],"replies":[{"embeddable":true,"href":"https:\/\/www.xn--regina-jck-x5a.de\/dx\/wp-json\/wp\/v2\/comments?post=309"}],"version-history":[{"count":58,"href":"https:\/\/www.xn--regina-jck-x5a.de\/dx\/wp-json\/wp\/v2\/pages\/309\/revisions"}],"predecessor-version":[{"id":2319,"href":"https:\/\/www.xn--regina-jck-x5a.de\/dx\/wp-json\/wp\/v2\/pages\/309\/revisions\/2319"}],"wp:attachment":[{"href":"https:\/\/www.xn--regina-jck-x5a.de\/dx\/wp-json\/wp\/v2\/media?parent=309"}],"curies":[{"name":"wp","href":"https:\/\/api.w.org\/{rel}","templated":true}]}}