{"id":18,"date":"2011-09-15T19:39:59","date_gmt":"2011-09-15T19:39:59","guid":{"rendered":"http:\/\/www.xn--regina-jck-x5a.de\/?page_id=18"},"modified":"2025-06-03T14:38:02","modified_gmt":"2025-06-03T12:38:02","slug":"personlich","status":"publish","type":"page","link":"https:\/\/www.xn--regina-jck-x5a.de\/dx\/personlich\/","title":{"rendered":"Pers\u00f6nlich"},"content":{"rendered":"<p><strong>Mit Interesse und Herz f\u00fcr die Menschen<\/strong><\/p>\n<p>Liebe Hamburgerinnen und Hamburger,<\/p>\n<p>ich m\u00f6chte mich Ihnen gern vorstellen:<\/p>\n<p>Geboren bin ich am 30. September 1956 in Stettin.<\/p>\n<p>Nach dem Besuch des Gymnasiums (1976 Abschlu\u00df der allgemeinen Hochschulreife) habe ich 1979 mein Studium der Sozialp\u00e4dagogik als Diplom-Sozialp\u00e4dagogin abgeschlossen.<\/p>\n<p>Seit 1979 bin ich im Bereich Sozialwesen berufst\u00e4tig. Ich habe Erfahrungen in der Sozialarbeit mit Menschen mit Behinderung, in der Kinder- und Jugendarbeit, in der gemeinwesenorientierten Sozialarbeit und der Sozialverwaltung und war von 1994-2022 Einrichtungsleiterin der Seniorenwohnanlage Max Brauer Haus.<\/p>\n<p>Ich bin Mitglied der Gewerkschaft ver.di, der Arbeiterwohlfahrt (AWO), der Patriotischen Gesellschaft und des Sozialverbandes Deutschland (SoVD). Seit 1993 bin ich Mitglied der SPD und habe in der Partei verschiedene Funktionen inne,\u00a0 ich bin Distriktsvorsitzende in Bramfeld und seit 1997 Kreis- und Landesdelegierte.<\/p>\n<p>Von 2001 bis 2011 war ich Bezirksabgeordnete in Wandsbek (2004-2007 Vorsitzende des Ausschusses f\u00fcr soziale Stadtentwicklung, 2008-2011 Fachsprecherin Soziales und Mitglied im Fraktionsvorstand) und seit Juli 2011 bin ich Mitglied der Hamburgischen B\u00fcrgerschaft.<\/p>\n<p>In der B\u00fcrgerschaft bin ich Mitglied im Ausschuss f\u00fcr Soziales und Integration \u2013 Sprecherin f\u00fcr Menschen mit Behinderung &#8211; , im Gleichstellungsausschuss, im Ausschuss Kultur und Medien und im Haushaltsausschuss.<\/p>\n<p>Sprechen Sie mich gern an, wenn Sie Anregungen und Themen haben, die Sie bewegen.<\/p>\n<p>Mit herzlichen Gr\u00fc\u00dfen<\/p>\n<p>Regina J\u00e4ck<\/p>\n","protected":false},"excerpt":{"rendered":"<p>Mit Interesse und Herz f\u00fcr die Menschen Liebe Hamburgerinnen und Hamburger, ich m\u00f6chte mich Ihnen gern vorstellen: Geboren bin ich am 30. September 1956 in Stettin. Nach dem Besuch des Gymnasiums (1976 Abschlu\u00df der allgemeinen Hochschulreife) habe ich 1979 mein Studium der Sozialp\u00e4dagogik als Diplom-Sozialp\u00e4dagogin abgeschlossen. Seit 1979 bin ich im Bereich Sozialwesen berufst\u00e4tig. Ich [&hellip;]<\/p>\n","protected":false},"author":2,"featured_media":0,"parent":0,"menu_order":1,"comment_status":"open","ping_status":"open","template":"","meta":{"ngg_post_thumbnail":0,"footnotes":""},"class_list":["post-18","page","type-page","status-publish","hentry"],"translation":{"provider":"WPGlobus","version":"3.0.2","language":"dx","enabled_languages":["de","dx"],"languages":{"de":{"title":true,"content":true,"excerpt":false},"dx":{"title":false,"content":false,"excerpt":false}}},"_links":{"self":[{"href":"https:\/\/www.xn--regina-jck-x5a.de\/dx\/wp-json\/wp\/v2\/pages\/18","targetHints":{"allow":["GET"]}}],"collection":[{"href":"https:\/\/www.xn--regina-jck-x5a.de\/dx\/wp-json\/wp\/v2\/pages"}],"about":[{"href":"https:\/\/www.xn--regina-jck-x5a.de\/dx\/wp-json\/wp\/v2\/types\/page"}],"author":[{"embeddable":true,"href":"https:\/\/www.xn--regina-jck-x5a.de\/dx\/wp-json\/wp\/v2\/users\/2"}],"replies":[{"embeddable":true,"href":"https:\/\/www.xn--regina-jck-x5a.de\/dx\/wp-json\/wp\/v2\/comments?post=18"}],"version-history":[{"count":13,"href":"https:\/\/www.xn--regina-jck-x5a.de\/dx\/wp-json\/wp\/v2\/pages\/18\/revisions"}],"predecessor-version":[{"id":2183,"href":"https:\/\/www.xn--regina-jck-x5a.de\/dx\/wp-json\/wp\/v2\/pages\/18\/revisions\/2183"}],"wp:attachment":[{"href":"https:\/\/www.xn--regina-jck-x5a.de\/dx\/wp-json\/wp\/v2\/media?parent=18"}],"curies":[{"name":"wp","href":"https:\/\/api.w.org\/{rel}","templated":true}]}}